{"id":150,"date":"2024-12-12T15:13:43","date_gmt":"2024-12-12T15:13:43","guid":{"rendered":"https:\/\/pearldemo.techpearl.com\/cadel-bosco\/?post_type=product&#038;p=150"},"modified":"2024-12-12T15:13:46","modified_gmt":"2024-12-12T15:13:46","slug":"cuvee-prestige-rose","status":"publish","type":"product","link":"https:\/\/pearldemo.techpearl.com\/cadel-bosco\/product\/cuvee-prestige-rose\/","title":{"rendered":"CUVEE PRESTIGE ROS\u00c9"},"content":{"rendered":"<p>Cuv\u00e9e Prestige Ros\u00e9 is born from the separate vinification of Pinot Noir and Chardonnay grapes. Once transported above the vat, the Pinot Noir grapes are separated from the stalks and the grapes fall into them, from above, by gravity. The \u201cpink\u201d maceration is carried out for 24-36 hours: just a few hours to \u201cseize the moment\u201d, that is, to obtain that particular and delicate shade of pink color that distinguishes Franciacorta Ros\u00e9 in the bottle. Subsequently, the must separated from the skins ferments in small barrels and in steel vats at a controlled temperature. The Chardonnay grapes are vinified in the traditional way, with pressing of the whole bunches. The best fractions of must ferment in vats, separately. After 7 months of refinement, the \u201cmagic ritual\u201d of creating the cuv\u00e9e takes place, assembling the base wines of Pinot Noir and Chardonnay. The resulting cuv\u00e9e is bottled and refined on the lees in underground cellars, at a constant temperature of 12\u00b0C, for an average period of 30 months. The disgorgement takes place in the absence of oxygen, using a unique system in the world, designed and patented by Ca&#8217; del Bosco. This avoids oxidative shock and further additions of sulphites, making our Franciacorta purer, more pleasant and longer-lived. Finally, each packaged bottle is marked uniquely, to guarantee its traceability.<\/p>\n","protected":false},"excerpt":{"rendered":"<p>Franciacorta DOCG.<\/p>\n","protected":false},"featured_media":94,"comment_status":"open","ping_status":"closed","template":"","meta":[],"product_cat":[196],"product_tag":[],"class_list":{"0":"post-150","1":"product","2":"type-product","3":"status-publish","4":"has-post-thumbnail","6":"product_cat-sparkling-wine","8":"first","9":"instock","10":"shipping-taxable","11":"purchasable","12":"product-type-simple"},"_links":{"self":[{"href":"https:\/\/pearldemo.techpearl.com\/cadel-bosco\/wp-json\/wp\/v2\/product\/150","targetHints":{"allow":["GET"]}}],"collection":[{"href":"https:\/\/pearldemo.techpearl.com\/cadel-bosco\/wp-json\/wp\/v2\/product"}],"about":[{"href":"https:\/\/pearldemo.techpearl.com\/cadel-bosco\/wp-json\/wp\/v2\/types\/product"}],"replies":[{"embeddable":true,"href":"https:\/\/pearldemo.techpearl.com\/cadel-bosco\/wp-json\/wp\/v2\/comments?post=150"}],"wp:featuredmedia":[{"embeddable":true,"href":"https:\/\/pearldemo.techpearl.com\/cadel-bosco\/wp-json\/wp\/v2\/media\/94"}],"wp:attachment":[{"href":"https:\/\/pearldemo.techpearl.com\/cadel-bosco\/wp-json\/wp\/v2\/media?parent=150"}],"wp:term":[{"taxonomy":"product_cat","embeddable":true,"href":"https:\/\/pearldemo.techpearl.com\/cadel-bosco\/wp-json\/wp\/v2\/product_cat?post=150"},{"taxonomy":"product_tag","embeddable":true,"href":"https:\/\/pearldemo.techpearl.com\/cadel-bosco\/wp-json\/wp\/v2\/product_tag?post=150"}],"curies":[{"name":"wp","href":"https:\/\/api.w.org\/{rel}","templated":true}]}}